{"id":15,"date":"2015-10-01T12:01:35","date_gmt":"2015-10-01T12:01:35","guid":{"rendered":"http:\/\/carmenjaramillo.com\/wordpress\/?page_id=15"},"modified":"2024-10-14T09:58:00","modified_gmt":"2024-10-14T09:58:00","slug":"radio","status":"publish","type":"page","link":"https:\/\/carmenjaramillo.com\/index.php\/radio\/","title":{"rendered":"Radio"},"content":{"rendered":"\t\t<div data-elementor-type=\"wp-page\" data-elementor-id=\"15\" class=\"elementor elementor-15\">\n\t\t\t\t\t\t<section class=\"elementor-section elementor-top-section elementor-element elementor-element-a11b1aa elementor-hidden-tablet elementor-hidden-mobile elementor-section-boxed elementor-section-height-default elementor-section-height-default\" data-id=\"a11b1aa\" data-element_type=\"section\" data-e-type=\"section\" data-settings=\"{&quot;background_background&quot;:&quot;gradient&quot;,&quot;shape_divider_top&quot;:&quot;curve&quot;}\">\n\t\t\t\t\t\t\t<div class=\"elementor-background-overlay\"><\/div>\n\t\t\t\t\t\t<div class=\"elementor-shape elementor-shape-top\" aria-hidden=\"true\" data-negative=\"false\">\n\t\t\t<svg xmlns=\"http:\/\/www.w3.org\/2000\/svg\" viewBox=\"0 0 1000 100\" preserveAspectRatio=\"none\">\n    <path class=\"elementor-shape-fill\" d=\"M1000,4.3V0H0v4.3C0.9,23.1,126.7,99.2,500,100S1000,22.7,1000,4.3z\"\/>\n<\/svg>\t\t<\/div>\n\t\t\t\t\t<div class=\"elementor-container elementor-column-gap-default\">\n\t\t\t\t\t<div class=\"elementor-column elementor-col-100 elementor-top-column elementor-element elementor-element-86d70fe\" data-id=\"86d70fe\" data-element_type=\"column\" data-e-type=\"column\" data-settings=\"{&quot;background_background&quot;:&quot;classic&quot;}\">\n\t\t\t<div class=\"elementor-widget-wrap elementor-element-populated\">\n\t\t\t\t\t\t<div class=\"elementor-element elementor-element-84621b5 elementor-widget__width-initial elementor-invisible elementor-widget elementor-widget-image\" data-id=\"84621b5\" data-element_type=\"widget\" data-e-type=\"widget\" data-settings=\"{&quot;_animation&quot;:&quot;slideInUp&quot;}\" data-widget_type=\"image.default\">\n\t\t\t\t<div class=\"elementor-widget-container\">\n\t\t\t\t\t\t\t\t\t\t\t\t\t\t\t<img fetchpriority=\"high\" decoding=\"async\" width=\"5888\" height=\"3328\" src=\"https:\/\/carmenjaramillo.com\/wp-content\/uploads\/2024\/10\/CARMEN-JARAMILLO_RADIO_upscayl_4x_remacri.png\" class=\"attachment-full size-full wp-image-2970\" alt=\"\" srcset=\"https:\/\/carmenjaramillo.com\/wp-content\/uploads\/2024\/10\/CARMEN-JARAMILLO_RADIO_upscayl_4x_remacri.png 5888w, https:\/\/carmenjaramillo.com\/wp-content\/uploads\/2024\/10\/CARMEN-JARAMILLO_RADIO_upscayl_4x_remacri-300x170.png 300w, https:\/\/carmenjaramillo.com\/wp-content\/uploads\/2024\/10\/CARMEN-JARAMILLO_RADIO_upscayl_4x_remacri-1024x579.png 1024w, https:\/\/carmenjaramillo.com\/wp-content\/uploads\/2024\/10\/CARMEN-JARAMILLO_RADIO_upscayl_4x_remacri-768x434.png 768w, https:\/\/carmenjaramillo.com\/wp-content\/uploads\/2024\/10\/CARMEN-JARAMILLO_RADIO_upscayl_4x_remacri-1536x868.png 1536w, https:\/\/carmenjaramillo.com\/wp-content\/uploads\/2024\/10\/CARMEN-JARAMILLO_RADIO_upscayl_4x_remacri-2048x1158.png 2048w\" sizes=\"(max-width: 5888px) 100vw, 5888px\" \/>\t\t\t\t\t\t\t\t\t\t\t\t\t\t\t<\/div>\n\t\t\t\t<\/div>\n\t\t\t\t\t<\/div>\n\t\t<\/div>\n\t\t\t\t\t<\/div>\n\t\t<\/section>\n\t\t\t\t<section class=\"elementor-section elementor-top-section elementor-element elementor-element-b7c6b2a elementor-hidden-desktop elementor-section-boxed elementor-section-height-default elementor-section-height-default\" data-id=\"b7c6b2a\" data-element_type=\"section\" data-e-type=\"section\" data-settings=\"{&quot;background_background&quot;:&quot;gradient&quot;,&quot;shape_divider_top&quot;:&quot;curve&quot;}\">\n\t\t\t\t\t\t\t<div class=\"elementor-background-overlay\"><\/div>\n\t\t\t\t\t\t<div class=\"elementor-shape elementor-shape-top\" aria-hidden=\"true\" data-negative=\"false\">\n\t\t\t<svg xmlns=\"http:\/\/www.w3.org\/2000\/svg\" viewBox=\"0 0 1000 100\" preserveAspectRatio=\"none\">\n    <path class=\"elementor-shape-fill\" d=\"M1000,4.3V0H0v4.3C0.9,23.1,126.7,99.2,500,100S1000,22.7,1000,4.3z\"\/>\n<\/svg>\t\t<\/div>\n\t\t\t\t\t<div class=\"elementor-container elementor-column-gap-default\">\n\t\t\t\t\t<div class=\"elementor-column elementor-col-100 elementor-top-column elementor-element elementor-element-03078c0\" data-id=\"03078c0\" data-element_type=\"column\" data-e-type=\"column\" data-settings=\"{&quot;background_background&quot;:&quot;classic&quot;}\">\n\t\t\t<div class=\"elementor-widget-wrap elementor-element-populated\">\n\t\t\t\t\t\t<div class=\"elementor-element elementor-element-e15540a elementor-widget__width-initial elementor-invisible elementor-widget elementor-widget-image\" data-id=\"e15540a\" data-element_type=\"widget\" data-e-type=\"widget\" data-settings=\"{&quot;_animation&quot;:&quot;slideInUp&quot;}\" data-widget_type=\"image.default\">\n\t\t\t\t<div class=\"elementor-widget-container\">\n\t\t\t\t\t\t\t\t\t\t\t\t\t\t\t<img fetchpriority=\"high\" decoding=\"async\" width=\"5888\" height=\"3328\" src=\"https:\/\/carmenjaramillo.com\/wp-content\/uploads\/2024\/10\/CARMEN-JARAMILLO_RADIO_upscayl_4x_remacri.png\" class=\"attachment-full size-full wp-image-2970\" alt=\"\" srcset=\"https:\/\/carmenjaramillo.com\/wp-content\/uploads\/2024\/10\/CARMEN-JARAMILLO_RADIO_upscayl_4x_remacri.png 5888w, https:\/\/carmenjaramillo.com\/wp-content\/uploads\/2024\/10\/CARMEN-JARAMILLO_RADIO_upscayl_4x_remacri-300x170.png 300w, https:\/\/carmenjaramillo.com\/wp-content\/uploads\/2024\/10\/CARMEN-JARAMILLO_RADIO_upscayl_4x_remacri-1024x579.png 1024w, https:\/\/carmenjaramillo.com\/wp-content\/uploads\/2024\/10\/CARMEN-JARAMILLO_RADIO_upscayl_4x_remacri-768x434.png 768w, https:\/\/carmenjaramillo.com\/wp-content\/uploads\/2024\/10\/CARMEN-JARAMILLO_RADIO_upscayl_4x_remacri-1536x868.png 1536w, https:\/\/carmenjaramillo.com\/wp-content\/uploads\/2024\/10\/CARMEN-JARAMILLO_RADIO_upscayl_4x_remacri-2048x1158.png 2048w\" sizes=\"(max-width: 5888px) 100vw, 5888px\" \/>\t\t\t\t\t\t\t\t\t\t\t\t\t\t\t<\/div>\n\t\t\t\t<\/div>\n\t\t\t\t\t<\/div>\n\t\t<\/div>\n\t\t\t\t\t<\/div>\n\t\t<\/section>\n\t\t\t\t<section class=\"elementor-section elementor-top-section elementor-element elementor-element-dab200c elementor-section-boxed elementor-section-height-default elementor-section-height-default\" data-id=\"dab200c\" data-element_type=\"section\" data-e-type=\"section\" data-settings=\"{&quot;background_background&quot;:&quot;gradient&quot;,&quot;shape_divider_top&quot;:&quot;curve&quot;,&quot;shape_divider_top_negative&quot;:&quot;yes&quot;}\">\n\t\t\t\t\t<div class=\"elementor-shape elementor-shape-top\" aria-hidden=\"true\" data-negative=\"true\">\n\t\t\t<svg xmlns=\"http:\/\/www.w3.org\/2000\/svg\" viewBox=\"0 0 1000 100\" preserveAspectRatio=\"none\">\n\t<path class=\"elementor-shape-fill\" d=\"M500,97C126.7,96.3,0.8,19.8,0,0v100l1000,0V1C1000,19.4,873.3,97.8,500,97z\"\/>\n<\/svg>\t\t<\/div>\n\t\t\t\t\t<div class=\"elementor-container elementor-column-gap-default\">\n\t\t\t\t\t<div class=\"elementor-column elementor-col-50 elementor-top-column elementor-element elementor-element-fb9d5da\" data-id=\"fb9d5da\" data-element_type=\"column\" data-e-type=\"column\">\n\t\t\t<div class=\"elementor-widget-wrap elementor-element-populated\">\n\t\t\t\t\t\t<div class=\"elementor-element elementor-element-d9a1c2a elementor-widget elementor-widget-image\" data-id=\"d9a1c2a\" data-element_type=\"widget\" data-e-type=\"widget\" data-widget_type=\"image.default\">\n\t\t\t\t<div class=\"elementor-widget-container\">\n\t\t\t\t\t\t\t\t\t\t\t\t\t\t\t<img decoding=\"async\" width=\"1024\" height=\"376\" data-src=\"https:\/\/carmenjaramillo.com\/wp-content\/uploads\/2015\/10\/banner_radio-1024x376.png\" class=\"attachment-large size-large wp-image-871 lazyload\" alt=\"\" data-srcset=\"https:\/\/carmenjaramillo.com\/wp-content\/uploads\/2015\/10\/banner_radio-1024x376.png 1024w, https:\/\/carmenjaramillo.com\/wp-content\/uploads\/2015\/10\/banner_radio-300x110.png 300w, https:\/\/carmenjaramillo.com\/wp-content\/uploads\/2015\/10\/banner_radio-768x282.png 768w, https:\/\/carmenjaramillo.com\/wp-content\/uploads\/2015\/10\/banner_radio.png 1233w\" data-sizes=\"(max-width: 1024px) 100vw, 1024px\" src=\"data:image\/svg+xml;base64,PHN2ZyB3aWR0aD0iMSIgaGVpZ2h0PSIxIiB4bWxucz0iaHR0cDovL3d3dy53My5vcmcvMjAwMC9zdmciPjwvc3ZnPg==\" style=\"--smush-placeholder-width: 1024px; --smush-placeholder-aspect-ratio: 1024\/376;\" \/>\t\t\t\t\t\t\t\t\t\t\t\t\t\t\t<\/div>\n\t\t\t\t<\/div>\n\t\t\t\t\t<\/div>\n\t\t<\/div>\n\t\t\t\t<div class=\"elementor-column elementor-col-50 elementor-top-column elementor-element elementor-element-cec9998\" data-id=\"cec9998\" data-element_type=\"column\" data-e-type=\"column\">\n\t\t\t<div class=\"elementor-widget-wrap elementor-element-populated\">\n\t\t\t\t\t\t<div class=\"elementor-element elementor-element-6490b07 elementor-widget elementor-widget-text-editor\" data-id=\"6490b07\" data-element_type=\"widget\" data-e-type=\"widget\" data-widget_type=\"text-editor.default\">\n\t\t\t\t<div class=\"elementor-widget-container\">\n\t\t\t\t\t\t\t\t\t<p><span style=\"color: #ededed;\"><span style=\"color: #ffcc00;\"><strong>Carmen Jaramillo<\/strong><\/span> ha sido entrevistada por varios medios de comunicaci\u00f3n, tanto en Prensa como en la Radio.\u00a0En la Radio ha estado\u00a0en los primeros puestos en el Ranking de varios programas de radio como: <span style=\"color: #ffcc00;\"><strong>Radio Sol XXI<\/strong>, <\/span><strong><span style=\"color: #ffcc00;\">Radio<\/span> <span style=\"color: #ffcc00;\">Intercontinental<\/span><\/strong>, programa de <strong>Jos\u00e9 Mar\u00eda i\u00f1igo<\/strong> <em>\u00abEl Musiquero\u00bb<\/em>, <span style=\"color: #ffcc00;\"><strong>Radio Nacional de Espa\u00f1a con Manolo HH<\/strong>, <strong>Radio Mundial<\/strong>, <strong>Radio Valencia<\/strong>\u00a0<\/span>en el programa T\u00f3mbola con <span style=\"color: #ffcc00;\"><strong>Ximo Rovira<\/strong>, <strong>Radio Cibeles<\/strong> con <strong>Luis del Olmo<\/strong>, <strong>Radio Nacional 3<\/strong><\/span> con <span style=\"color: #ffcc00;\"><strong>Ordovas<\/strong>, <strong>Radio Europa FM<\/strong><\/span>, etc&#8230;<\/span><\/p>\t\t\t\t\t\t\t\t<\/div>\n\t\t\t\t<\/div>\n\t\t\t\t\t<\/div>\n\t\t<\/div>\n\t\t\t\t\t<\/div>\n\t\t<\/section>\n\t\t\t\t<section class=\"elementor-section elementor-top-section elementor-element elementor-element-9e2518f elementor-section-content-top elementor-section-boxed elementor-section-height-default elementor-section-height-default\" data-id=\"9e2518f\" data-element_type=\"section\" data-e-type=\"section\" data-settings=\"{&quot;background_background&quot;:&quot;gradient&quot;}\">\n\t\t\t\t\t\t\t<div class=\"elementor-background-overlay\"><\/div>\n\t\t\t\t\t\t\t<div class=\"elementor-container elementor-column-gap-no\">\n\t\t\t\t\t<div class=\"elementor-column elementor-col-33 elementor-top-column elementor-element elementor-element-a172f59\" data-id=\"a172f59\" data-element_type=\"column\" data-e-type=\"column\">\n\t\t\t<div class=\"elementor-widget-wrap elementor-element-populated\">\n\t\t\t\t\t\t<div class=\"elementor-element elementor-element-bb1dfea elementor-widget elementor-widget-image\" data-id=\"bb1dfea\" data-element_type=\"widget\" data-e-type=\"widget\" data-widget_type=\"image.default\">\n\t\t\t\t<div class=\"elementor-widget-container\">\n\t\t\t\t\t\t\t\t\t\t\t\t\t\t\t<img decoding=\"async\" width=\"354\" height=\"1024\" data-src=\"https:\/\/carmenjaramillo.com\/wp-content\/uploads\/2015\/10\/RADIO-SOL1ok-354x1024.jpg\" class=\"attachment-large size-large wp-image-189 lazyload\" alt=\"RADIO-SOL\" data-srcset=\"https:\/\/carmenjaramillo.com\/wp-content\/uploads\/2015\/10\/RADIO-SOL1ok-354x1024.jpg 354w, https:\/\/carmenjaramillo.com\/wp-content\/uploads\/2015\/10\/RADIO-SOL1ok-104x300.jpg 104w, https:\/\/carmenjaramillo.com\/wp-content\/uploads\/2015\/10\/RADIO-SOL1ok.jpg 603w\" data-sizes=\"(max-width: 354px) 100vw, 354px\" src=\"data:image\/svg+xml;base64,PHN2ZyB3aWR0aD0iMSIgaGVpZ2h0PSIxIiB4bWxucz0iaHR0cDovL3d3dy53My5vcmcvMjAwMC9zdmciPjwvc3ZnPg==\" style=\"--smush-placeholder-width: 354px; --smush-placeholder-aspect-ratio: 354\/1024;\" \/>\t\t\t\t\t\t\t\t\t\t\t\t\t\t\t<\/div>\n\t\t\t\t<\/div>\n\t\t\t\t\t<\/div>\n\t\t<\/div>\n\t\t\t\t<div class=\"elementor-column elementor-col-33 elementor-top-column elementor-element elementor-element-6d46deb\" data-id=\"6d46deb\" data-element_type=\"column\" data-e-type=\"column\">\n\t\t\t<div class=\"elementor-widget-wrap elementor-element-populated\">\n\t\t\t\t\t\t<div class=\"elementor-element elementor-element-4be4bbd elementor-widget elementor-widget-image\" data-id=\"4be4bbd\" data-element_type=\"widget\" data-e-type=\"widget\" data-widget_type=\"image.default\">\n\t\t\t\t<div class=\"elementor-widget-container\">\n\t\t\t\t\t\t\t\t\t\t\t\t\t\t\t<img decoding=\"async\" width=\"417\" height=\"1024\" data-src=\"https:\/\/carmenjaramillo.com\/wp-content\/uploads\/2015\/10\/RADIO-SOL2ok-417x1024.jpg\" class=\"attachment-large size-large wp-image-190 lazyload\" alt=\"RADIO-SOL\" data-srcset=\"https:\/\/carmenjaramillo.com\/wp-content\/uploads\/2015\/10\/RADIO-SOL2ok-417x1024.jpg 417w, https:\/\/carmenjaramillo.com\/wp-content\/uploads\/2015\/10\/RADIO-SOL2ok-122x300.jpg 122w, https:\/\/carmenjaramillo.com\/wp-content\/uploads\/2015\/10\/RADIO-SOL2ok.jpg 603w\" data-sizes=\"(max-width: 417px) 100vw, 417px\" src=\"data:image\/svg+xml;base64,PHN2ZyB3aWR0aD0iMSIgaGVpZ2h0PSIxIiB4bWxucz0iaHR0cDovL3d3dy53My5vcmcvMjAwMC9zdmciPjwvc3ZnPg==\" style=\"--smush-placeholder-width: 417px; --smush-placeholder-aspect-ratio: 417\/1024;\" \/>\t\t\t\t\t\t\t\t\t\t\t\t\t\t\t<\/div>\n\t\t\t\t<\/div>\n\t\t\t\t\t<\/div>\n\t\t<\/div>\n\t\t\t\t<div class=\"elementor-column elementor-col-33 elementor-top-column elementor-element elementor-element-fd9da0a\" data-id=\"fd9da0a\" data-element_type=\"column\" data-e-type=\"column\">\n\t\t\t<div class=\"elementor-widget-wrap elementor-element-populated\">\n\t\t\t\t\t\t<div class=\"elementor-element elementor-element-352e095 elementor-widget elementor-widget-image\" data-id=\"352e095\" data-element_type=\"widget\" data-e-type=\"widget\" data-widget_type=\"image.default\">\n\t\t\t\t<div class=\"elementor-widget-container\">\n\t\t\t\t\t\t\t\t\t\t\t\t\t\t\t<img decoding=\"async\" width=\"273\" height=\"1024\" data-src=\"https:\/\/carmenjaramillo.com\/wp-content\/uploads\/2015\/10\/RADIO-SOL3ok-273x1024.jpg\" class=\"attachment-large size-large wp-image-191 lazyload\" alt=\"RADIO-SOL\" data-srcset=\"https:\/\/carmenjaramillo.com\/wp-content\/uploads\/2015\/10\/RADIO-SOL3ok-273x1024.jpg 273w, https:\/\/carmenjaramillo.com\/wp-content\/uploads\/2015\/10\/RADIO-SOL3ok-80x300.jpg 80w, https:\/\/carmenjaramillo.com\/wp-content\/uploads\/2015\/10\/RADIO-SOL3ok.jpg 603w\" data-sizes=\"(max-width: 273px) 100vw, 273px\" src=\"data:image\/svg+xml;base64,PHN2ZyB3aWR0aD0iMSIgaGVpZ2h0PSIxIiB4bWxucz0iaHR0cDovL3d3dy53My5vcmcvMjAwMC9zdmciPjwvc3ZnPg==\" style=\"--smush-placeholder-width: 273px; --smush-placeholder-aspect-ratio: 273\/1024;\" \/>\t\t\t\t\t\t\t\t\t\t\t\t\t\t\t<\/div>\n\t\t\t\t<\/div>\n\t\t\t\t\t<\/div>\n\t\t<\/div>\n\t\t\t\t\t<\/div>\n\t\t<\/section>\n\t\t\t\t<\/div>\n\t\t","protected":false},"excerpt":{"rendered":"<p>Carmen Jaramillo ha sido entrevistada por varios medios de comunicaci\u00f3n, tanto en Prensa como en la Radio.\u00a0En la Radio ha estado\u00a0en los primeros puestos en el Ranking de varios programas de radio como: Radio Sol XXI, Radio Intercontinental, programa de Jos\u00e9 Mar\u00eda i\u00f1igo \u00abEl Musiquero\u00bb, Radio Nacional de Espa\u00f1a con Manolo HH, Radio Mundial, Radio &#8230; <a title=\"Radio\" class=\"read-more\" href=\"https:\/\/carmenjaramillo.com\/index.php\/radio\/\" aria-label=\"Leer m\u00e1s sobre Radio\">Leer m\u00e1s<\/a><\/p>\n","protected":false},"author":1,"featured_media":0,"parent":0,"menu_order":0,"comment_status":"closed","ping_status":"closed","template":"","meta":{"_monsterinsights_skip_tracking":false,"_monsterinsights_sitenote_active":false,"_monsterinsights_sitenote_note":"","_monsterinsights_sitenote_category":0,"footnotes":""},"class_list":["post-15","page","type-page","status-publish"],"_links":{"self":[{"href":"https:\/\/carmenjaramillo.com\/index.php\/wp-json\/wp\/v2\/pages\/15","targetHints":{"allow":["GET"]}}],"collection":[{"href":"https:\/\/carmenjaramillo.com\/index.php\/wp-json\/wp\/v2\/pages"}],"about":[{"href":"https:\/\/carmenjaramillo.com\/index.php\/wp-json\/wp\/v2\/types\/page"}],"author":[{"embeddable":true,"href":"https:\/\/carmenjaramillo.com\/index.php\/wp-json\/wp\/v2\/users\/1"}],"replies":[{"embeddable":true,"href":"https:\/\/carmenjaramillo.com\/index.php\/wp-json\/wp\/v2\/comments?post=15"}],"version-history":[{"count":86,"href":"https:\/\/carmenjaramillo.com\/index.php\/wp-json\/wp\/v2\/pages\/15\/revisions"}],"predecessor-version":[{"id":3504,"href":"https:\/\/carmenjaramillo.com\/index.php\/wp-json\/wp\/v2\/pages\/15\/revisions\/3504"}],"wp:attachment":[{"href":"https:\/\/carmenjaramillo.com\/index.php\/wp-json\/wp\/v2\/media?parent=15"}],"curies":[{"name":"wp","href":"https:\/\/api.w.org\/{rel}","templated":true}]}}